{"id":448,"date":"2020-06-22T02:52:49","date_gmt":"2020-06-22T02:52:49","guid":{"rendered":"https:\/\/gitstap.nl\/de-huifkarhoeve\/"},"modified":"2026-04-10T16:19:14","modified_gmt":"2026-04-10T16:19:14","slug":"de-huifkarhoeve","status":"publish","type":"page","link":"https:\/\/gitstap.nl\/de\/de-huifkarhoeve\/","title":{"rendered":"De Huifkarhoeve"},"content":{"rendered":"<h2>\u00dcber De Huifkarhoeve<\/h2>\n<h4>Burgundergenuss im Huifkarhoeve seit 1991!<\/h4>\n<p>Im Restaurant De Huifkarhoeve k\u00f6nnen Sie zum Mittag- und Abendessen Burgunder genie\u00dfen! Genie\u00dfen Sie lokale Gerichte wie die leckersten Pfannkuchen. Bei De Huifkarhoeve haben wir nat\u00fcrlich die leckersten Limburger Kuchen mit einer Tasse Kaffee. Haben Sie schon ein St\u00fcck Flan und m\u00f6chten Sie etwas zu essen ..? Dann haben wir ein Mittag- und Abendessen mit vielen lokalen Spezialit\u00e4ten!<\/p>\n<p>Rundum ein gem\u00fctliches Familienrestaurant, das sich seit 1991 der Qualit\u00e4t verschrieben hat! Genie\u00dfen Sie unser vielseitiges Men\u00fc mit Ihrer Familie, Freunden und Kindern!<\/p>\n<p>Reservieren Sie Ihren Platz in unserem Restaurant online und genie\u00dfen Sie die leckersten Gerichte!<\/p>\n<h6>\u00d6ffnungszeiten:<\/h6>\n<p>12:00-20:00 Uhr (K\u00fcche bis 19:00 Uhr ge\u00f6ffnet)<\/p>\n<p>Sind Sie mit mehr als 10 Personen? Reservierungen sind nur telefonisch unter der Nummer 0475-536422 m\u00f6glich.<\/p>\n","protected":false},"excerpt":{"rendered":"<p>\u00dcber De Huifkarhoeve Burgundergenuss im Huifkarhoeve seit 1991! Im Restaurant De Huifkarhoeve k\u00f6nnen Sie zum Mittag- und Abendessen Burgunder genie\u00dfen! Genie\u00dfen Sie lokale Gerichte wie die leckersten Pfannkuchen. Bei De Huifkarhoeve haben wir nat\u00fcrlich die leckersten Limburger Kuchen mit einer Tasse Kaffee. Haben Sie schon ein St\u00fcck Flan und m\u00f6chten Sie etwas zu essen ..? [&hellip;]<\/p>\n","protected":false},"author":2,"featured_media":3421,"parent":0,"menu_order":0,"comment_status":"closed","ping_status":"closed","template":"page-template\/template-resaturent.php","meta":{"footnotes":""},"class_list":["post-448","page","type-page","status-publish","has-post-thumbnail","hentry"],"acf":[],"_links":{"self":[{"href":"https:\/\/gitstap.nl\/de\/wp-json\/wp\/v2\/pages\/448","targetHints":{"allow":["GET"]}}],"collection":[{"href":"https:\/\/gitstap.nl\/de\/wp-json\/wp\/v2\/pages"}],"about":[{"href":"https:\/\/gitstap.nl\/de\/wp-json\/wp\/v2\/types\/page"}],"author":[{"embeddable":true,"href":"https:\/\/gitstap.nl\/de\/wp-json\/wp\/v2\/users\/2"}],"replies":[{"embeddable":true,"href":"https:\/\/gitstap.nl\/de\/wp-json\/wp\/v2\/comments?post=448"}],"version-history":[{"count":15,"href":"https:\/\/gitstap.nl\/de\/wp-json\/wp\/v2\/pages\/448\/revisions"}],"predecessor-version":[{"id":4843,"href":"https:\/\/gitstap.nl\/de\/wp-json\/wp\/v2\/pages\/448\/revisions\/4843"}],"wp:featuredmedia":[{"embeddable":true,"href":"https:\/\/gitstap.nl\/de\/wp-json\/wp\/v2\/media\/3421"}],"wp:attachment":[{"href":"https:\/\/gitstap.nl\/de\/wp-json\/wp\/v2\/media?parent=448"}],"curies":[{"name":"wp","href":"https:\/\/api.w.org\/{rel}","templated":true}]}}