{"id":456,"date":"2020-06-22T02:53:25","date_gmt":"2020-06-22T02:53:25","guid":{"rendered":"https:\/\/gitstap.nl\/gitstapperhof\/"},"modified":"2024-10-04T16:37:16","modified_gmt":"2024-10-04T16:37:16","slug":"gitstapperhof","status":"publish","type":"page","link":"https:\/\/gitstap.nl\/de\/gitstapperhof\/","title":{"rendered":"Hotel Gitstapper Hof"},"content":{"rendered":"<h2>\u00dcbernachten im Gitstapper Hof<\/h2>\n<div>\n<p><b>Der ehemalige Bauernhof ist renoviert und wurde umgestaltet in 17 einzigartige Zimmer inmitten l\u00e4ndlicher Umgebung. Hier zu \u00fcbernachten bedeutet Ruhe in der Natur mit gleichzeitig allem modernen Luxus f\u00fcr einen angenehmen, genussvollen Aufenthalt.<\/b><\/p>\n<\/div>\n<div>Der ehemalige Bauernhof ist renoviert und wurde umgebaut in 17 einzigartige Zimmer inmitten l\u00e4ndlicher Umgebung. Hier zu \u00fcbernachten bedeutet Ruhe in der Natur mit gleichzeitig allem modernen Luxus f\u00fcr einen angenehmen, genussvollen Aufenthalt.<\/div>\n<div>\n<p>Gitstapper Hof &#8211; Endloser Genuss inmitten der Natur &#8211;<\/p>\n<p><em>Besuchen Sie unsere Website oder buchen Sie sofort ein Zimmer \u00fcber die folgenden Links<\/em><\/p>\n<\/div>\n<p>&nbsp;<\/p>\n","protected":false},"excerpt":{"rendered":"<p>\u00dcbernachten im Gitstapper Hof Der ehemalige Bauernhof ist renoviert und wurde umgestaltet in 17 einzigartige Zimmer inmitten l\u00e4ndlicher Umgebung. Hier zu \u00fcbernachten bedeutet Ruhe in der Natur mit gleichzeitig allem modernen Luxus f\u00fcr einen angenehmen, genussvollen Aufenthalt. Der ehemalige Bauernhof ist renoviert und wurde umgebaut in 17 einzigartige Zimmer inmitten l\u00e4ndlicher Umgebung. Hier zu \u00fcbernachten [&hellip;]<\/p>\n","protected":false},"author":2,"featured_media":4021,"parent":0,"menu_order":0,"comment_status":"closed","ping_status":"closed","template":"page-template\/template-resaturent.php","meta":{"footnotes":""},"class_list":["post-456","page","type-page","status-publish","has-post-thumbnail","hentry"],"acf":[],"_links":{"self":[{"href":"https:\/\/gitstap.nl\/de\/wp-json\/wp\/v2\/pages\/456","targetHints":{"allow":["GET"]}}],"collection":[{"href":"https:\/\/gitstap.nl\/de\/wp-json\/wp\/v2\/pages"}],"about":[{"href":"https:\/\/gitstap.nl\/de\/wp-json\/wp\/v2\/types\/page"}],"author":[{"embeddable":true,"href":"https:\/\/gitstap.nl\/de\/wp-json\/wp\/v2\/users\/2"}],"replies":[{"embeddable":true,"href":"https:\/\/gitstap.nl\/de\/wp-json\/wp\/v2\/comments?post=456"}],"version-history":[{"count":12,"href":"https:\/\/gitstap.nl\/de\/wp-json\/wp\/v2\/pages\/456\/revisions"}],"predecessor-version":[{"id":4409,"href":"https:\/\/gitstap.nl\/de\/wp-json\/wp\/v2\/pages\/456\/revisions\/4409"}],"wp:featuredmedia":[{"embeddable":true,"href":"https:\/\/gitstap.nl\/de\/wp-json\/wp\/v2\/media\/4021"}],"wp:attachment":[{"href":"https:\/\/gitstap.nl\/de\/wp-json\/wp\/v2\/media?parent=456"}],"curies":[{"name":"wp","href":"https:\/\/api.w.org\/{rel}","templated":true}]}}