{"id":490,"date":"2020-06-22T02:53:00","date_gmt":"2020-06-22T02:53:00","guid":{"rendered":"https:\/\/gitstap.nl\/speeltuin\/"},"modified":"2025-10-31T12:18:46","modified_gmt":"2025-10-31T12:18:46","slug":"speeltuin","status":"publish","type":"page","link":"https:\/\/gitstap.nl\/de\/speeltuin\/","title":{"rendered":"Spielplatz De Gitstap"},"content":{"rendered":"<p>&nbsp;<\/p>\n<h3>Der Spielplatz hat die Saison 2025 zu Ende! Vielen Danke f\u00fcr Ihren Besuch in unserem Spielplatz und bis zum Fr\u00fchjahr 2026!<\/h3>\n<p>Der gem\u00fctlichste Outdoor-Spielplatz im Mitten-Limburgs! Genie\u00dfen Sie den gro\u00dfz\u00fcgigen Au\u00dfenspielplatz mit Blick auf den gesamten Spielplatz! Sch\u00f6n, wenn man die Kinder im Auge behalten und sich selbst auf der gro\u00dfen Au\u00dfenterrasse ein ruhiges Pl\u00e4tzchen suchen kann!<\/p>\n<p>Lassen Sie Ihre Kinder die vielen Kletter- und Spielger\u00e4te, die Trampoline oder die Trethelikopter und den neuen Spritzpark genie\u00dfen.<\/p>\n<p>Oder spielen Sie eine Partie Adventure Golf gegeneinander. Das sind 18 L\u00f6cher voller Spa\u00df und Geselligkeit!<\/p>\n<p>Hungrig geworden&#8230;? Auf dem Spielplatz gibt es viele Snacks und Pommes! Eher Lust auf einen Pfannkuchen oder ein Mittagsgericht? Im Pfannkuchenhaus Huifkarhoeve erhalten Sie 10% Rabatt auf einen Pfannkuchen Ihrer Wahl. Sie m\u00fcssen erst eintreten im Spielplatz, dann k\u00f6nnen Sie Ihre Quittung im Restaurant f\u00fcr den Pfannkuchenrabatt vorlegen. damit Sie dann Rabatt bekommen. G\u00fcltig nur am Tag des Eintritts!<\/p>\n<p>Lust auf etwas S\u00fc\u00dfes? Essen Sie das leckerste Softeis, Handeis, Schokolade oder Chips!<\/p>\n<p>&nbsp;<\/p>\n<p><em>Der Spielplatz ist im Fr\u00fchjahr (M\u00e4rz\/April) und Herbst (September\/Oktober) von 10:00 bis 18:00<\/em><\/p>\n<p><em>In den Sommermonaten und in den regionalen Ferien (Niederlande-S\u00fcd\/Deutschland-NRW) haben wir 7 Tage die Woche von 10:00-18:30 Uhr ge\u00f6ffnet.<\/em><\/p>\n<p><em>Es ist m\u00f6glich, bis 17:30 Uhr Essen zu bestellen.<\/em><\/p>\n<h6>Eintritt Kind: \u20ac 5,00 Minigolf \u20ac 4,00 p.P.<\/h6>\n<h6>Eintritt Erwachsene: \u20ac 3,00 Minigolf \u20ac 4,00 p.P.<\/h6>\n<p>Minigolf ohne Eintrit kostet \u20ac6,00 pro person<\/p>\n<h6 style=\"text-align: center;\">Hunde sind auf dem Spielplatz leider nicht erlaubt.<\/h6>\n<h6 style=\"text-align: center;\">Bei schlechtem Wetter oder bei Regen ist der Spielplatz geschlossen.\u00a0Bitte rufen Sie im Zweifelsfall 0031 6 57576899 an, damit Sie nicht vor verschlossener T\u00fcr stehen.<\/h6>\n<h6 style=\"text-align: center;\">Leider ist es nicht erlaubt, eigene Speisen und Getr\u00e4nke mit auf den Spielplatz zu bringen.<\/h6>\n<h6 style=\"text-align: center;\"><\/h6>\n","protected":false},"excerpt":{"rendered":"<p>&nbsp; Der Spielplatz hat die Saison 2025 zu Ende! Vielen Danke f\u00fcr Ihren Besuch in unserem Spielplatz und bis zum Fr\u00fchjahr 2026! Der gem\u00fctlichste Outdoor-Spielplatz im Mitten-Limburgs! Genie\u00dfen Sie den gro\u00dfz\u00fcgigen Au\u00dfenspielplatz mit Blick auf den gesamten Spielplatz! Sch\u00f6n, wenn man die Kinder im Auge behalten und sich selbst auf der gro\u00dfen Au\u00dfenterrasse ein ruhiges [&hellip;]<\/p>\n","protected":false},"author":2,"featured_media":3144,"parent":0,"menu_order":0,"comment_status":"closed","ping_status":"closed","template":"page-template\/template-resaturent.php","meta":{"footnotes":""},"class_list":["post-490","page","type-page","status-publish","has-post-thumbnail","hentry"],"acf":[],"_links":{"self":[{"href":"https:\/\/gitstap.nl\/de\/wp-json\/wp\/v2\/pages\/490","targetHints":{"allow":["GET"]}}],"collection":[{"href":"https:\/\/gitstap.nl\/de\/wp-json\/wp\/v2\/pages"}],"about":[{"href":"https:\/\/gitstap.nl\/de\/wp-json\/wp\/v2\/types\/page"}],"author":[{"embeddable":true,"href":"https:\/\/gitstap.nl\/de\/wp-json\/wp\/v2\/users\/2"}],"replies":[{"embeddable":true,"href":"https:\/\/gitstap.nl\/de\/wp-json\/wp\/v2\/comments?post=490"}],"version-history":[{"count":21,"href":"https:\/\/gitstap.nl\/de\/wp-json\/wp\/v2\/pages\/490\/revisions"}],"predecessor-version":[{"id":4694,"href":"https:\/\/gitstap.nl\/de\/wp-json\/wp\/v2\/pages\/490\/revisions\/4694"}],"wp:featuredmedia":[{"embeddable":true,"href":"https:\/\/gitstap.nl\/de\/wp-json\/wp\/v2\/media\/3144"}],"wp:attachment":[{"href":"https:\/\/gitstap.nl\/de\/wp-json\/wp\/v2\/media?parent=490"}],"curies":[{"name":"wp","href":"https:\/\/api.w.org\/{rel}","templated":true}]}}