{"id":530,"date":"2020-06-22T02:52:19","date_gmt":"2020-06-22T02:52:19","guid":{"rendered":"https:\/\/gitstap.nl\/aan-de-hoeve\/"},"modified":"2026-04-10T16:13:08","modified_gmt":"2026-04-10T16:13:08","slug":"aan-de-hoeve","status":"publish","type":"page","link":"https:\/\/gitstap.nl\/de\/aan-de-hoeve\/","title":{"rendered":"Aan De Hoeve"},"content":{"rendered":"<h2>\u00dcber Aan De Hoeve<\/h2>\n<h4>Der Ort, an dem Sie sich entspannen und auf burgundische Weise einen Happen und ein Getr\u00e4nk genie\u00dfen k\u00f6nnen.<\/h4>\n<p>Das Restaurant Aan De Hoeve befindet sich direkt neben den Gitstappermolen. In unserem Restaurant k\u00f6nnen Sie burgundisches Fr\u00fchst\u00fcck, Mittag- und Abendessen genie\u00dfen. Jeden Tag servieren wir unsere lokalen Gerichte mit frischen und lokalen Produkten.<\/p>\n<p>Genie\u00dfen Sie ein St\u00fcck Limburger Kuchen mit einer Tasse Kaffee auf der Terrasse oder ein Abendessen mit einer Gruppe in unserem Restaurant! Unsere Speisekarte bietet f\u00fcr jede Auswahl etwas, wie zum Beispiel unser regionales Rindfleisch und Salate<\/p>\n<p>Das Restaurant Aan De Hoeve eignet sich sehr gut f\u00fcr Gruppen, mit einem Arrangement oder einem Abendessen!<\/p>\n<h6>\u00d6ffnungszeiten:<\/h6>\n<p>10:00-20:00 Uhr (K\u00fcche bis 19:30 Uhr ge\u00f6ffnet), am Wochenende bis 20:00 Uhr<\/p>\n<p>Sind Sie mit mehr als 10 Personen? Reservierungen sind nur telefonisch unter der Nummer 0031 -475-531410 m\u00f6glich.<\/p>\n","protected":false},"excerpt":{"rendered":"<p>\u00dcber Aan De Hoeve Der Ort, an dem Sie sich entspannen und auf burgundische Weise einen Happen und ein Getr\u00e4nk genie\u00dfen k\u00f6nnen. Das Restaurant Aan De Hoeve befindet sich direkt neben den Gitstappermolen. In unserem Restaurant k\u00f6nnen Sie burgundisches Fr\u00fchst\u00fcck, Mittag- und Abendessen genie\u00dfen. Jeden Tag servieren wir unsere lokalen Gerichte mit frischen und lokalen [&hellip;]<\/p>\n","protected":false},"author":2,"featured_media":3712,"parent":0,"menu_order":0,"comment_status":"closed","ping_status":"closed","template":"page-template\/template-resaturent.php","meta":{"footnotes":""},"class_list":["post-530","page","type-page","status-publish","has-post-thumbnail","hentry"],"acf":[],"_links":{"self":[{"href":"https:\/\/gitstap.nl\/de\/wp-json\/wp\/v2\/pages\/530","targetHints":{"allow":["GET"]}}],"collection":[{"href":"https:\/\/gitstap.nl\/de\/wp-json\/wp\/v2\/pages"}],"about":[{"href":"https:\/\/gitstap.nl\/de\/wp-json\/wp\/v2\/types\/page"}],"author":[{"embeddable":true,"href":"https:\/\/gitstap.nl\/de\/wp-json\/wp\/v2\/users\/2"}],"replies":[{"embeddable":true,"href":"https:\/\/gitstap.nl\/de\/wp-json\/wp\/v2\/comments?post=530"}],"version-history":[{"count":20,"href":"https:\/\/gitstap.nl\/de\/wp-json\/wp\/v2\/pages\/530\/revisions"}],"predecessor-version":[{"id":4837,"href":"https:\/\/gitstap.nl\/de\/wp-json\/wp\/v2\/pages\/530\/revisions\/4837"}],"wp:featuredmedia":[{"embeddable":true,"href":"https:\/\/gitstap.nl\/de\/wp-json\/wp\/v2\/media\/3712"}],"wp:attachment":[{"href":"https:\/\/gitstap.nl\/de\/wp-json\/wp\/v2\/media?parent=530"}],"curies":[{"name":"wp","href":"https:\/\/api.w.org\/{rel}","templated":true}]}}