{"id":550,"date":"2020-08-05T12:44:50","date_gmt":"2020-08-05T12:44:50","guid":{"rendered":"https:\/\/gitstap.nl\/?page_id=550"},"modified":"2024-10-04T16:53:32","modified_gmt":"2024-10-04T16:53:32","slug":"privacy-statement","status":"publish","type":"page","link":"https:\/\/gitstap.nl\/de\/privacy-statement\/","title":{"rendered":"Privacy statement"},"content":{"rendered":"<h2>Verwendung von Cookies<\/h2>\n<p>Wir verwenden Cookies auf dieser Website. Ein Cookie ist eine einfache kleine Datei, die mit den Seiten dieser Website verschickt und von Ihrem Browser auf der Festplatte Ihres Computers gespeichert wird. Die darin gespeicherten Informationen k\u00f6nnen bei Ihrem n\u00e4chsten Besuch an unsere Server zur\u00fcckgeschickt werden.<\/p>\n<h4>Web-Analyse<br \/>\nGoogle Analytics \/ wp Analytics<\/h4>\n<p>Die Statistiken dieser Website werden mit Google Analytics &amp; wp Analytics verfolgt. Die von Google gesammelten Informationen werden so weit wie m\u00f6glich anonymisiert. Ihre IP-Adresse wird nur teilweise erfasst, so dass sie nicht auf eine Person zur\u00fcckgef\u00fchrt werden kann. Die Informationen werden an Google \u00fcbertragen und von Google auf Servern in den Vereinigten Staaten gespeichert. Google verwendet diese Informationen, um die Nutzung der Website zu verfolgen und Berichte \u00fcber das Besuchs-\/Surfverhalten zu erstellen. Google wird diese Informationen gegebenenfalls an Dritte \u00fcbertragen, sofern dies gesetzlich vorgeschrieben ist oder soweit Dritte diese Daten im Auftrag von Google verarbeiten. Hierauf haben wir keinen Einfluss. Wir haben Google nicht gestattet, die gewonnenen Analysedaten f\u00fcr andere Google-Dienste zu nutzen.<\/p>\n<h4>Soziale Medien<\/h4>\n<p>Die Website gitstap.de verwendet Facebook-Like-Buttons und einen Facebook-Block auf der Startseite. Diese funktionieren durch Codeschnipsel, die von Facebook selbst stammen. Wenn Sie keine Cookies von dieser Website akzeptieren, wird diese Funktion nicht funktionieren und es werden keine Cookies von Facebook gesetzt. Wenn du Cookies von dieser Seite akzeptierst, werden Cookies gesetzt. Bitte lesen Sie die Datenschutzerkl\u00e4rung von Facebook (die sich regelm\u00e4\u00dfig \u00e4ndern kann), um zu erfahren, was Facebook mit Ihren pers\u00f6nlichen Daten macht, die es \u00fcber diese Cookies verarbeitet.<\/p>\n<h4>Die Funktionen zum Teilen von sozialen Medien funktionieren auch dann, wenn Sie die Cookies dieser Website nicht akzeptieren.<\/h4>\n<h4>\nAndere Cookies<\/h4>\n<p>Aufgrund der Funktionsweise des Internets und von Websites ist es nicht immer m\u00f6glich, die von Dritten auf dieser Website platzierten Cookies zu verfolgen. Dies ist insbesondere dann der Fall, wenn Webseiten sogenannte eingebettete Elemente enthalten; dies sind Texte, Dokumente, Bilder oder Videos, die bei einer anderen Partei gespeichert sind, aber auf dieser Website angezeigt werden.<\/p>\n<p>&nbsp;<\/p>\n","protected":false},"excerpt":{"rendered":"<p>Verwendung von Cookies Wir verwenden Cookies auf dieser Website. Ein Cookie ist eine einfache kleine Datei, die mit den Seiten dieser Website verschickt und von Ihrem Browser auf der Festplatte Ihres Computers gespeichert wird. Die darin gespeicherten Informationen k\u00f6nnen bei Ihrem n\u00e4chsten Besuch an unsere Server zur\u00fcckgeschickt werden. Web-Analyse Google Analytics \/ wp Analytics Die [&hellip;]<\/p>\n","protected":false},"author":2,"featured_media":4338,"parent":0,"menu_order":0,"comment_status":"closed","ping_status":"closed","template":"","meta":{"footnotes":""},"class_list":["post-550","page","type-page","status-publish","has-post-thumbnail","hentry"],"acf":[],"_links":{"self":[{"href":"https:\/\/gitstap.nl\/de\/wp-json\/wp\/v2\/pages\/550","targetHints":{"allow":["GET"]}}],"collection":[{"href":"https:\/\/gitstap.nl\/de\/wp-json\/wp\/v2\/pages"}],"about":[{"href":"https:\/\/gitstap.nl\/de\/wp-json\/wp\/v2\/types\/page"}],"author":[{"embeddable":true,"href":"https:\/\/gitstap.nl\/de\/wp-json\/wp\/v2\/users\/2"}],"replies":[{"embeddable":true,"href":"https:\/\/gitstap.nl\/de\/wp-json\/wp\/v2\/comments?post=550"}],"version-history":[{"count":3,"href":"https:\/\/gitstap.nl\/de\/wp-json\/wp\/v2\/pages\/550\/revisions"}],"predecessor-version":[{"id":4434,"href":"https:\/\/gitstap.nl\/de\/wp-json\/wp\/v2\/pages\/550\/revisions\/4434"}],"wp:featuredmedia":[{"embeddable":true,"href":"https:\/\/gitstap.nl\/de\/wp-json\/wp\/v2\/media\/4338"}],"wp:attachment":[{"href":"https:\/\/gitstap.nl\/de\/wp-json\/wp\/v2\/media?parent=550"}],"curies":[{"name":"wp","href":"https:\/\/api.w.org\/{rel}","templated":true}]}}